{"id":14,"date":"2009-11-07T23:48:57","date_gmt":"2009-11-07T22:48:57","guid":{"rendered":"http:\/\/secure-u.de\/?page_id=14"},"modified":"2009-11-07T23:48:57","modified_gmt":"2009-11-07T22:48:57","slug":"beitragsordnung","status":"publish","type":"page","link":"https:\/\/secure-u.de\/?page_id=14","title":{"rendered":"Beitragsordnung"},"content":{"rendered":"<h2 class=\"western\">\u00a71 Grundsatz<\/h2>\n<ol>\n<li>\n<p>Diese Beitragsordnung ist nicht Bestandteil der Satzung. Sie \tregelt die Beitragsverpflichtungen der Mitglieder sowie die Geb\u00fchren \tund Umlagen. Sie kann nur von der Mitgliederversammlung des Vereins \tge\u00e4ndert werden.<\/p>\n<\/li>\n<\/ol>\n<h2 class=\"western\">\u00a72 Beschl\u00fcsse<\/h2>\n<ol>\n<li>\n<p>Die Mitgliederversammlung beschlie\u00dft die H\u00f6he des Beitrags, \tdie Aufnahmegeb\u00fchr und Umlagen. Der Vorstand legt die Geb\u00fchren \tfest.<\/p>\n<\/li>\n<li>\n<p>Die festgesetzten Betr\u00e4ge werden zum 1. Januar des folgenden \tJahres erhoben, in dem der Beschluss gefasst wurde. Durch Beschluss \tder Mitgliederversammlung kann auch ein anderer Termin festgelegt \twerden.<\/p>\n<\/li>\n<\/ol>\n<h2 class=\"western\">\u00a73 Beitr\u00e4ge<\/h2>\n<ol>\n<li>\n<p>Die Mitgliedsbeitr\u00e4ge lauten:<br \/>Gruppe\t\tBezeichnung \t\t\t\tJahresbeitrag<br \/>VM\t\tVollmitglieder\t\t\t10,00 \tEUR<br \/>FM\t\tF\u00f6rdermitglieder\t\t\t50,00 EUR<\/p>\n<\/li>\n<li>\n<p>Der Mitgliedsbeitrag wird durch Einzugserm\u00e4chtigung zum \t01.02. eines jeden Jahres vom Girokonto abgebucht.<\/p>\n<\/li>\n<li>\n<p>Mitglieder, die bisher nicht am Abbuchungsverfahren \tteilnehmen, entrichten ihre Beitr\u00e4ge bis sp\u00e4testens 31.01. eines \tjeden Jahres auf das Beitragskonto des Vereins. Es ist eine \tBearbeitungsgeb\u00fchr von zus\u00e4tzlich \u20ac 5,00 zu zahlen.<\/p>\n<\/li>\n<li>\n<p>Bei Mahnungen werden Mahngeb\u00fchren von \u20ac 5,00 pro Mahnung \terhoben.<\/p>\n<\/li>\n<li>\n<p>Erfolgt der Vereinseintritt nach dem 30.06. erfolgt eine \tBerechnung von 50% des Beitragssatzes.<\/p>\n<\/li>\n<\/ol>\n<h2 class=\"western\">\u00a74 Vereinskonto<\/h2>\n<ol>\n<li>\n<p>Die Bankverbindung des Vereines lautet auf:<br \/>secure-u e.V., \tKonto 8547807, Hamburger Volksbank eG (BLZ 201 900 03) <\/p>\n<p><\/p>\n<\/li>\n<li>\n<p>\u00dcberweisung auf andere Konten sind nicht zul\u00e4ssig und \twerden nicht als Zahlungen anerkannt.<\/p>\n<\/li>\n<\/ol>\n<h2 class=\"western\">\u00a75 Inkrafttreten<\/h2>\n<p>Diese Gesch\u00e4ftsordnung wurde von der Mitgliederversammlung am 15.12.2007  beschlossen und tritt mit sofortiger Wirkung in Kraft.<\/p>\n<p>&nbsp;<\/p>\n<p><!--more--><\/p>\n<h2 class=\"western\">\u00a71 Grundsatz<\/h2>\n<ol>\n<li>\n<p>Diese Beitragsordnung ist nicht Bestandteil der Satzung. Sie \tregelt die Beitragsverpflichtungen der Mitglieder sowie die Geb\u00fchren \tund Umlagen. Sie kann nur von der Mitgliederversammlung des Vereins \tge\u00e4ndert werden.<\/p>\n<\/li>\n<\/ol>\n<h2 class=\"western\">\u00a72 Beschl\u00fcsse<\/h2>\n<ol>\n<li>\n<p>Die Mitgliederversammlung beschlie\u00dft die H\u00f6he des Beitrags, \tdie Aufnahmegeb\u00fchr und Umlagen. Der Vorstand legt die Geb\u00fchren \tfest.<\/p>\n<\/li>\n<li>\n<p>Die festgesetzten Betr\u00e4ge werden zum 1. Januar des folgenden \tJahres erhoben, in dem der Beschluss gefasst wurde. Durch Beschluss \tder Mitgliederversammlung kann auch ein anderer Termin festgelegt \twerden.<\/p>\n<\/li>\n<\/ol>\n<h2 class=\"western\">\u00a73 Beitr\u00e4ge<\/h2>\n<ol>\n<li>\n<p>Die Mitgliedsbeitr\u00e4ge lauten:<br \/>Gruppe\t\tBezeichnung \t\t\t\tJahresbeitrag<br \/>VM\t\tVollmitglieder\t\t\t10,00 \tEUR<br \/>FM\t\tF\u00f6rdermitglieder\t\t\t50,00 EUR<\/p>\n<\/li>\n<li>\n<p>Der Mitgliedsbeitrag wird durch Einzugserm\u00e4chtigung zum \t01.02. eines jeden Jahres vom Girokonto abgebucht.<\/p>\n<\/li>\n<li>\n<p>Mitglieder, die bisher nicht am Abbuchungsverfahren \tteilnehmen, entrichten ihre Beitr\u00e4ge bis sp\u00e4testens 31.01. eines \tjeden Jahres auf das Beitragskonto des Vereins. Es ist eine \tBearbeitungsgeb\u00fchr von zus\u00e4tzlich \u20ac 5,00 zu zahlen.<\/p>\n<\/li>\n<li>\n<p>Bei Mahnungen werden Mahngeb\u00fchren von \u20ac 5,00 pro Mahnung \terhoben.<\/p>\n<\/li>\n<li>\n<p>Erfolgt der Vereinseintritt nach dem 30.06. erfolgt eine \tBerechnung von 50% des Beitragssatzes.<\/p>\n<\/li>\n<\/ol>\n<h2 class=\"western\">\u00a74 Vereinskonto<\/h2>\n<ol>\n<li>\n<p>Die Bankverbindung des Vereines lautet auf:<br \/>secure-u e.V., \tKonto 8547807, Hamburger Volksbank eG (BLZ 201 900 03) <\/p>\n<p><\/p>\n<\/li>\n<li>\n<p>\u00dcberweisung auf andere Konten sind nicht zul\u00e4ssig und \twerden nicht als Zahlungen anerkannt.<\/p>\n<\/li>\n<\/ol>\n<h2 class=\"western\">\u00a75 Inkrafttreten<\/h2>\n<p>Diese Gesch\u00e4ftsordnung wurde von der Mitgliederversammlung am 15.12.2007  beschlossen und tritt mit sofortiger Wirkung in Kraft.<\/p>\n<p>&nbsp;<\/p>\n","protected":false},"excerpt":{"rendered":"<p>\u00a71 Grundsatz Diese Beitragsordnung ist nicht Bestandteil der Satzung. Sie regelt die Beitragsverpflichtungen der Mitglieder sowie die Geb\u00fchren und Umlagen. Sie kann nur von der Mitgliederversammlung des Vereins ge\u00e4ndert werden. \u00a72 Beschl\u00fcsse Die Mitgliederversammlung beschlie\u00dft die H\u00f6he des Beitrags, die Aufnahmegeb\u00fchr und Umlagen. Der Vorstand legt die Geb\u00fchren fest. Die festgesetzten Betr\u00e4ge werden zum 1. [&hellip;]<\/p>\n","protected":false},"author":1,"featured_media":0,"parent":0,"menu_order":0,"comment_status":"closed","ping_status":"closed","template":"","meta":{"footnotes":""},"class_list":["post-14","page","type-page","status-publish","hentry"],"_links":{"self":[{"href":"https:\/\/secure-u.de\/index.php?rest_route=\/wp\/v2\/pages\/14","targetHints":{"allow":["GET"]}}],"collection":[{"href":"https:\/\/secure-u.de\/index.php?rest_route=\/wp\/v2\/pages"}],"about":[{"href":"https:\/\/secure-u.de\/index.php?rest_route=\/wp\/v2\/types\/page"}],"author":[{"embeddable":true,"href":"https:\/\/secure-u.de\/index.php?rest_route=\/wp\/v2\/users\/1"}],"replies":[{"embeddable":true,"href":"https:\/\/secure-u.de\/index.php?rest_route=%2Fwp%2Fv2%2Fcomments&post=14"}],"version-history":[{"count":0,"href":"https:\/\/secure-u.de\/index.php?rest_route=\/wp\/v2\/pages\/14\/revisions"}],"wp:attachment":[{"href":"https:\/\/secure-u.de\/index.php?rest_route=%2Fwp%2Fv2%2Fmedia&parent=14"}],"curies":[{"name":"wp","href":"https:\/\/api.w.org\/{rel}","templated":true}]}}