{"id":19,"date":"2009-11-08T20:11:41","date_gmt":"2009-11-08T19:11:41","guid":{"rendered":"http:\/\/secure-u.de\/?page_id=19"},"modified":"2024-08-18T13:38:40","modified_gmt":"2024-08-18T11:38:40","slug":"projekte-und-events","status":"publish","type":"page","link":"https:\/\/secure-u.de\/?page_id=19","title":{"rendered":"Projekte und Events"},"content":{"rendered":"<p>Auf den folgenden Seiten finden Sie Informationen \u00fcber die von secure-u e.V. unterst\u00fctzten Projekte und \u00fcber Events mit secure-u-Beteiligung.<\/p>\n<p>F\u00fcr CAcert-Events in n\u00e4chster Zukunft verweisen wir auf die <a href=\"\/\/\/wiki.cacert.org\/Events\/UpcomingEvents\">UpcomingEvents<\/a>-Seite des CAcert WiKi.<\/p>\n<p>Weitere (auch kleinere und lokale) Events mit CAcert-Beteiligung befinden sich auch auf der Event-Seite bei CAcert.org .<br \/>\n<!--more--><\/p>\n<p>Auf den folgenden Seiten finden Sie Informationen \u00fcber die von secure-u e.V. unterst\u00fctzten Projekte und \u00fcber Events mit secure-u-Beteiligung.<\/p>\n<p>F\u00fcr CAcert-Events in n\u00e4chster Zukunft verweisen wir auf die <a href=\"\/\/\/wiki.cacert.org\/Events\/UpcomingEvents\">UpcomingEvents<\/a>-Seite des CAcert WiKi.<\/p>\n<p>Weitere (auch kleinere und lokale) Events mit CAcert-Beteiligung befinden sich auch auf der Event-Seite bei CAcert.org<\/p>\n","protected":false},"excerpt":{"rendered":"<p>Auf den folgenden Seiten finden Sie Informationen \u00fcber die von secure-u e.V. unterst\u00fctzten Projekte und \u00fcber Events mit secure-u-Beteiligung. F\u00fcr CAcert-Events in n\u00e4chster Zukunft verweisen wir auf die UpcomingEvents-Seite des CAcert WiKi. Weitere (auch kleinere und lokale) Events mit CAcert-Beteiligung befinden sich auch auf der Event-Seite bei CAcert.org .<\/p>\n","protected":false},"author":1,"featured_media":0,"parent":0,"menu_order":0,"comment_status":"closed","ping_status":"closed","template":"","meta":{"footnotes":""},"class_list":["post-19","page","type-page","status-publish","hentry"],"_links":{"self":[{"href":"https:\/\/secure-u.de\/index.php?rest_route=\/wp\/v2\/pages\/19","targetHints":{"allow":["GET"]}}],"collection":[{"href":"https:\/\/secure-u.de\/index.php?rest_route=\/wp\/v2\/pages"}],"about":[{"href":"https:\/\/secure-u.de\/index.php?rest_route=\/wp\/v2\/types\/page"}],"author":[{"embeddable":true,"href":"https:\/\/secure-u.de\/index.php?rest_route=\/wp\/v2\/users\/1"}],"replies":[{"embeddable":true,"href":"https:\/\/secure-u.de\/index.php?rest_route=%2Fwp%2Fv2%2Fcomments&post=19"}],"version-history":[{"count":2,"href":"https:\/\/secure-u.de\/index.php?rest_route=\/wp\/v2\/pages\/19\/revisions"}],"predecessor-version":[{"id":108,"href":"https:\/\/secure-u.de\/index.php?rest_route=\/wp\/v2\/pages\/19\/revisions\/108"}],"wp:attachment":[{"href":"https:\/\/secure-u.de\/index.php?rest_route=%2Fwp%2Fv2%2Fmedia&parent=19"}],"curies":[{"name":"wp","href":"https:\/\/api.w.org\/{rel}","templated":true}]}}