{"id":2,"date":"2009-05-21T16:27:56","date_gmt":"2009-05-21T14:27:56","guid":{"rendered":"http:\/\/secure-u.de\/?page_id=2"},"modified":"2009-05-21T16:27:56","modified_gmt":"2009-05-21T14:27:56","slug":"willkommen-bei-secure-u-e-v","status":"publish","type":"page","link":"https:\/\/secure-u.de\/","title":{"rendered":"Willkommen bei secure-u e.V."},"content":{"rendered":"<p>Was macht secure-u?  Um zu verstehen was secure-u macht, zitieren wir am besten aus unserer Satzung:<\/p>\n<p><!--more--><\/p>\n<p>Was macht secure-u?  Um zu verstehen was secure-u macht, zitieren wir am besten aus unserer Satzung:<\/p>\n<ul>\n<li>Der Verein f\u00f6rdert die Wissenschaft, Forschung und Verbraucherberatung. Insbesondere ist Zweck des Vereins die F\u00f6rderung der Sicherheit im Internet und die Unterst\u00fctzung von Anwendern bei der Anwendung sicherer Kommunikation. <\/li>\n<li>Der Vereinszweck wird insbesondere verwirklicht durch\n<ul>\n<li>die F\u00f6rderung der Bildung, des Meinungsaustauschs und der Zusammenarbeit von Anwendern, Entwicklern und Forschern <\/li>\n<li>Forschung und Diskussion \u00fcber die Auswirkungen von Verschl\u00fcsselungstechniken und den Gedanken Freier Software auf Gesellschaft und Wissenschaft <\/li>\n<li>die Weiterentwicklung und Forschung an freier kryptographischer Software <\/li>\n<li>die Bereitstellung freier kryptographischer Software, unterst\u00fctzender Bilder, T\u00f6ne, Daten und Dokumentation sowie F\u00f6rderung derer Verf\u00fcgbarkeit und die Erstellung und Verbreitung von Informationsmaterial dar\u00fcber <\/li>\n<li>Beitr\u00e4ge zur sachkundigen Information der \u00d6ffentlichkeit im T\u00e4tigkeitsbereich des Vereins und Teilnahme an Messen und Kongressen um die Informationen einem breiteren Spektrum von Anwendern zug\u00e4nglich zu machen <\/li>\n<li>Organisation von Kongressen und allgemein zug\u00e4nglichen Vortr\u00e4gen zur Weiterbildung der Projektteilnehmer und Anwender <\/li>\n<li>das Bewahren der freien Rechte der Projektteilnehmer zum Schutz vor kommerziellen Interessen Dritter. <\/li>\n<\/ul>\n<\/li>\n<\/ul>\n<p><strong>Wie ist der aktuelle Status?<strong> Der Verein secure-u wurde am 15.12.2007 in Hamburg gegr\u00fcndet. Am 22.01.2008 erfolgte die Eintragung ins Vereinsregister des Amtsgerichts Hamburg unter der Nummer VR 19711. Mit Schreiben vom 07.04.2008 des Finanzamt Hamburg-Nord sind wir (vorl\u00e4ufig) als gemeinn\u00fctzig anerkannt.<\/p>\n<p><\/strong><\/strong>Wer gerne Beitr\u00e4ge oder Kommentare auf dieser Webseite schreiben m\u00f6chte, melde sich bitte bei der im Impressum angegebenen Mailadresse.<\/p>\n","protected":false},"excerpt":{"rendered":"<p>Was macht secure-u? Um zu verstehen was secure-u macht, zitieren wir am besten aus unserer Satzung:<\/p>\n","protected":false},"author":1,"featured_media":0,"parent":0,"menu_order":0,"comment_status":"closed","ping_status":"closed","template":"","meta":{"footnotes":""},"class_list":["post-2","page","type-page","status-publish","hentry"],"_links":{"self":[{"href":"https:\/\/secure-u.de\/index.php?rest_route=\/wp\/v2\/pages\/2","targetHints":{"allow":["GET"]}}],"collection":[{"href":"https:\/\/secure-u.de\/index.php?rest_route=\/wp\/v2\/pages"}],"about":[{"href":"https:\/\/secure-u.de\/index.php?rest_route=\/wp\/v2\/types\/page"}],"author":[{"embeddable":true,"href":"https:\/\/secure-u.de\/index.php?rest_route=\/wp\/v2\/users\/1"}],"replies":[{"embeddable":true,"href":"https:\/\/secure-u.de\/index.php?rest_route=%2Fwp%2Fv2%2Fcomments&post=2"}],"version-history":[{"count":1,"href":"https:\/\/secure-u.de\/index.php?rest_route=\/wp\/v2\/pages\/2\/revisions"}],"predecessor-version":[{"id":57,"href":"https:\/\/secure-u.de\/index.php?rest_route=\/wp\/v2\/pages\/2\/revisions\/57"}],"wp:attachment":[{"href":"https:\/\/secure-u.de\/index.php?rest_route=%2Fwp%2Fv2%2Fmedia&parent=2"}],"curies":[{"name":"wp","href":"https:\/\/api.w.org\/{rel}","templated":true}]}}