{"id":23,"date":"2010-11-03T10:17:31","date_gmt":"2010-11-03T09:17:31","guid":{"rendered":"http:\/\/secure-u.de\/?page_id=23"},"modified":"2010-11-03T10:17:31","modified_gmt":"2010-11-03T09:17:31","slug":"zuschuss-fuer-cacert-veranstaltung-beantragen","status":"publish","type":"page","link":"https:\/\/secure-u.de\/?page_id=23","title":{"rendered":"Zuschuss f\u00fcr CAcert-Veranstaltung beantragen"},"content":{"rendered":"<p>Um einen Zuschuss f\u00fcr eine CAcert-Veranstaltung zu beantragen, reicht eine Mail an <a href=\"mailto:vorstand@secure-u.de\">vorstand@secure-u.de<\/a>. Diese sollte folgende Informationen enthalten:<\/p>\n<ul>\n<li>Infos zur Veranstaltung<\/li>\n<li>Verwendungszweck und H\u00f6he des beantragter Zuschuss<\/li>\n<li>Begr\u00fcndung<\/li>\n<\/ul>\n<p>Aus steuerechtlichen Gr\u00fcnden k\u00f6nnen wir nur Veranstaltungen innerhalb Deutschlands bezuschussen. Abgerechnet werden k\u00f6nnen generell nur Kosten gegen Beleg (Kassenquittung, Rechnung).<\/p>\n<p>Einfach zu erstattende Kosten sind z.B. Miete f\u00fcr Raum oder Ausr\u00fcstung, oder Druckkosten f\u00fcr Brosch\u00fcren. Reisekosten ben\u00f6tigen eine gute Begr\u00fcndung, Honorare und Aufwandsentsch\u00e4digungen sind grunds\u00e4tzlich sehr schwierig.<\/p>\n<p>Der Vorstand entscheidet nach Kassenlage und Art der Veranstaltung ob und wie viel Zuschuss gew\u00e4hrt werden kann.<\/p>\n<h3>Ich habe schon einen Sponsor f\u00fcr meine Veranstaltung!<\/h3>\n<p>M\u00f6glicherweise kann der secure-u e.V. trotzdem helfen!<\/p>\n<p>Als gemeinn\u00fctziger Verein d\u00fcrfen wir Spendenquittungen ausstellen, mit denen ein privater oder auch gewerblicher Sponsor seine Spenden steuerlich geltend machen kann. Diese M\u00f6glichkeit erh\u00f6ht in der Regel die Spendenfreudigkeit von Sponsoren deutlich.<\/p>\n<p>Wenn deine Veranstaltung also kompatibel zu den Vereinszwecken des secure-u e.V. ist, besteht die M\u00f6glichkeit dass der Sponsor secure-u eine zweckgebundene Spende zukommen l\u00e4sst und wir dann damit die Veranstaltung unterst\u00fctzen.<\/p>\n<p>Auch hier sollten Details vorher mit dem Vorstand abgekl\u00e4rt werden.<\/p>\n<p><!--more--><\/p>\n<p>Um einen Zuschuss f\u00fcr eine CAcert-Veranstaltung zu beantragen, reicht eine Mail an <a href=\"mailto:vorstand@secure-u.de\">vorstand@secure-u.de<\/a>. Diese sollte folgende Informationen enthalten:<\/p>\n<ul>\n<li>Infos zur Veranstaltung<\/li>\n<li>Verwendungszweck und H\u00f6he des beantragter Zuschuss<\/li>\n<li>Begr\u00fcndung<\/li>\n<\/ul>\n<p>Aus steuerechtlichen Gr\u00fcnden k\u00f6nnen wir nur Veranstaltungen innerhalb Deutschlands bezuschussen. Abgerechnet werden k\u00f6nnen generell nur Kosten gegen Beleg (Kassenquittung, Rechnung).<\/p>\n<p>Einfach zu erstattende Kosten sind z.B. Miete f\u00fcr Raum oder Ausr\u00fcstung, oder Druckkosten f\u00fcr Brosch\u00fcren. Reisekosten ben\u00f6tigen eine gute Begr\u00fcndung, Honorare und Aufwandsentsch\u00e4digungen sind grunds\u00e4tzlich sehr schwierig.<\/p>\n<p>Der Vorstand entscheidet nach Kassenlage und Art der Veranstaltung ob und wie viel Zuschuss gew\u00e4hrt werden kann.<\/p>\n<h3>Ich habe schon einen Sponsor f\u00fcr meine Veranstaltung!<\/h3>\n<p>M\u00f6glicherweise kann der secure-u e.V. trotzdem helfen!<\/p>\n<p>Als gemeinn\u00fctziger Verein d\u00fcrfen wir Spendenquittungen ausstellen, mit denen ein privater oder auch gewerblicher Sponsor seine Spenden steuerlich geltend machen kann. Diese M\u00f6glichkeit erh\u00f6ht in der Regel die Spendenfreudigkeit von Sponsoren deutlich.<\/p>\n<p>Wenn deine Veranstaltung also kompatibel zu den Vereinszwecken des secure-u e.V. ist, besteht die M\u00f6glichkeit dass der Sponsor secure-u eine zweckgebundene Spende zukommen l\u00e4sst und wir dann damit die Veranstaltung unterst\u00fctzen.<\/p>\n<p>Auch hier sollten Details vorher mit dem Vorstand abgekl\u00e4rt werden.<\/p>\n","protected":false},"excerpt":{"rendered":"<p>Um einen Zuschuss f\u00fcr eine CAcert-Veranstaltung zu beantragen, reicht eine Mail an vorstand@secure-u.de. Diese sollte folgende Informationen enthalten: Infos zur Veranstaltung Verwendungszweck und H\u00f6he des beantragter Zuschuss Begr\u00fcndung Aus steuerechtlichen Gr\u00fcnden k\u00f6nnen wir nur Veranstaltungen innerhalb Deutschlands bezuschussen. Abgerechnet werden k\u00f6nnen generell nur Kosten gegen Beleg (Kassenquittung, Rechnung). Einfach zu erstattende Kosten sind z.B. Miete [&hellip;]<\/p>\n","protected":false},"author":1,"featured_media":0,"parent":0,"menu_order":0,"comment_status":"closed","ping_status":"closed","template":"","meta":{"footnotes":""},"class_list":["post-23","page","type-page","status-publish","hentry"],"_links":{"self":[{"href":"https:\/\/secure-u.de\/index.php?rest_route=\/wp\/v2\/pages\/23","targetHints":{"allow":["GET"]}}],"collection":[{"href":"https:\/\/secure-u.de\/index.php?rest_route=\/wp\/v2\/pages"}],"about":[{"href":"https:\/\/secure-u.de\/index.php?rest_route=\/wp\/v2\/types\/page"}],"author":[{"embeddable":true,"href":"https:\/\/secure-u.de\/index.php?rest_route=\/wp\/v2\/users\/1"}],"replies":[{"embeddable":true,"href":"https:\/\/secure-u.de\/index.php?rest_route=%2Fwp%2Fv2%2Fcomments&post=23"}],"version-history":[{"count":0,"href":"https:\/\/secure-u.de\/index.php?rest_route=\/wp\/v2\/pages\/23\/revisions"}],"wp:attachment":[{"href":"https:\/\/secure-u.de\/index.php?rest_route=%2Fwp%2Fv2%2Fmedia&parent=23"}],"curies":[{"name":"wp","href":"https:\/\/api.w.org\/{rel}","templated":true}]}}