{"id":51,"date":"2010-11-03T12:56:14","date_gmt":"2010-11-03T11:56:14","guid":{"rendered":"http:\/\/secure-u.de\/?page_id=51"},"modified":"2010-11-03T12:56:14","modified_gmt":"2010-11-03T11:56:14","slug":"vorstandsarbeit","status":"publish","type":"page","link":"https:\/\/secure-u.de\/?page_id=51","title":{"rendered":"Vorstandsarbeit"},"content":{"rendered":"<p>\u00dcbersicht \u00fcber Vorstandssitzungen und -beschl\u00fcsse. Bei Bedarf ist ein IRC-Protokoll beim Schriftf\u00fchrer erh\u00e4ltlich.<\/p>\n<p>Die Vorstandssitzungen finden, falls nichts anderes angegeben, im IRC auf                                 <a id=\"ch-url-anchor\" class=\"chatzilla-link\" href=\"ircs:\/\/irc.cacert.org:7000\/secure-u\">ircs:\/\/irc.cacert.org:7000\/secure-u<\/a> statt. Sie sind zwar laut Gesch\u00e4ftsordnung nicht \u00f6ffentlich, in der Regel sind G\u00e4ste trotzdem gern gesehen. Wenn zu Beginn nur wenige Teilnehmer im IRC sind wird die Sitzung ggf. per Telefon fortgesetzt.<\/p>\n<p><!--more--><\/p>\n<p>\u00dcbersicht \u00fcber Vorstandssitzungen und -beschl\u00fcsse. Bei Bedarf ist ein IRC-Protokoll beim Schriftf\u00fchrer erh\u00e4ltlich.<\/p>\n<p>Die Vorstandssitzungen finden, falls nichts anderes angegeben, im IRC auf                                 <a id=\"ch-url-anchor\" class=\"chatzilla-link\" href=\"ircs:\/\/irc.cacert.org:7000\/secure-u\">ircs:\/\/irc.cacert.org:7000\/secure-u<\/a> statt. Sie sind zwar laut Gesch\u00e4ftsordnung nicht \u00f6ffentlich, in der Regel sind G\u00e4ste trotzdem gern gesehen. Wenn zu Beginn nur wenige Teilnehmer im IRC sind wird die Sitzung ggf. per Telefon fortgesetzt.<\/p>\n<h2>2016<\/h2>\n<h3>Die Sitzungen finden turnusgem\u00e4\u00df am 2. Dienstag im Monat um 20:30 statt.<br \/>N\u00e4chste Sitzung: 12.01.2017 20:30<\/h3>\n<h3>Themen:<\/h3>\n<ul>\n<li>Planung MV f\u00fcr 2017<\/li>\n<li>Stand Mitgliedsbeitr\u00e4ge<\/li>\n<\/ul>\n<h2>2016<\/h2>\n<h3>Sitzung am 14.12.2016<\/h3>\n<ul>\n<li>V20161214_01: Aufgrund der fortbestehenden Probleme beim Einzug der Mitgliedsbeitr\u00e4ge per Lastschrift beschlie\u00dft der Vorstand die Bearbeitungsgeb\u00fchr von 5 EUR nach \u00a73 Abs. 3 der Beitragsordnung f\u00fcr die \u00dcberweisung von Mitgliedsbeitr\u00e4gen bis auf Weiteres auszusetzen. Die Mitglieder sollen per E-Mail gebeten werden die ausstehenden Beitr\u00e4ge per normaler \u00dcberweisung auf das Vereinskonto zu begleichen.<\/li>\n<\/ul>\n<h2>2015<\/h2>\n<h3><a href=\"https:\/\/secure-u.de\/wp-content\/uploads\/2010\/11\/Ergebnisprotokoll_Vorstandssitzung_20150310-sig.pdf\">Sitzung am 10.03.2015<\/a><\/h3>\n<p>Keine Beschl\u00fcsse.<\/p>\n<h3>Sitzung am 10.02.2015<\/h3>\n<p>Ausgefallen.<\/p>\n<h3>Sitzung am 13.01.2015<\/h3>\n<p>Keine Beschl\u00fcsse, Protokoll in Arbeit.<\/p>\n<h2>2014<\/h2>\n<p>Einige Sitzungen sind ausgefallen&#8230;<\/p>\n<h3>Sitzung am 05.08.2014<\/h3>\n<p>Keine Beschl\u00fcsse, Protokoll in Arbeit.<\/p>\n<h3>Sitzung am 01.07.2014<\/h3>\n<p>Keine Beschl\u00fcsse, Protokoll in Arbeit.<\/p>\n<h3>Sitzung am 03.06.2014<\/h3>\n<p>Keine Beschl\u00fcsse, Protokoll in Arbeit.<\/p>\n<h3>Sitzung am 06.05.2014<\/h3>\n<p>Keine Beschl\u00fcsse, Protokoll in Arbeit.<\/p>\n<h3>Sitzung am 01.04.2014<\/h3>\n<p>Keine Beschl\u00fcsse, Protokoll in Arbeit.<\/p>\n<h3>Sitzung am 04.03.2014<\/h3>\n<p>Protokoll in Arbeit.<\/p>\n<h3><a href=\"https:\/\/secure-u.de\/wp-content\/uploads\/2010\/11\/Ergebnisprotokoll_Vorstandssitzung_20140204-sig.pdf\">Sitzung am 04.02.2014<\/a><\/h3>\n<p>Keine Beschl\u00fcsse<\/p>\n<h3><a href=\"https:\/\/secure-u.de\/wp-content\/uploads\/2010\/11\/Ergebnisprotokoll_Vorstandssitzung_20140107-sig.pdf\">Sitzung am 07.01.2014<\/a><\/h3>\n<ul>\n<li>V20140107_01: Der Verein unterst\u00fctzt das Crowdfunding-Projekt von GPG (<a href=\"http:\/\/goteo.org\/project\/gnupg-new-website-and-infrastructure\/\">http:\/\/goteo.org\/project\/gnupg-new-website-and-infrastructure\/<\/a>) durch das Sammeln und Weiterleiten von Spenden.<\/li>\n<\/ul>\n<h2>2013<\/h2>\n<h3>Beschluss per Mailrundlauf 28.12.2013<\/h3>\n<p>V20131228_01: Das Vorstandsmitglied Dirk Astrath soll Zugriff auf das Vereinskonto  erhalten.<\/p>\n<p>3 Ja-Stimmen, eine Enthaltung (keine R\u00fcckmeldung)<\/p>\n<h3><a href=\"https:\/\/secure-u.de\/wp-content\/uploads\/2010\/11\/Ergebnisprotokoll_Vorstandssitzung_20131203-sig.pdf\">Sitzung am 03.12.2013<\/a><\/h3>\n<ul>\n<li>V20131203_01: Der Vorstand beschlie\u00dft einen Webserver bei Westenberg + K\u00fcppers GbR f\u00fcr 39 EUR\/Jahr (zzgl. bestehende .de-Domain) in Auftrag zu geben, sofern ein root-Zugriff gegeben ist.<\/li>\n<\/ul>\n<h3><a href=\"https:\/\/secure-u.de\/wp-content\/uploads\/2010\/11\/Ergebnisprotokoll_Vorstandssitzung_20131105-sig.pdf\">Sitzung am 05.11.2013<\/a><\/h3>\n<ul>\n<li>V20131105_01: Dirk Astrath wird beauftragt die von BIT vorgeschlagene Vertrags\u00e4nderung zu unterzeichnen. Falls ein neues Schloss ben\u00f6tigt wird k\u00f6nnen die Kosten nach Absprache mit CAcert Inc. \u00fcbernommen werden.<\/li>\n<\/ul>\n<p>Protokoll in Arbeit&#8230;<\/p>\n<h3>Sitzung am 01.10.2013<\/h3>\n<p>Keine Beschl\u00fcsse<\/p>\n<h3>Sitzung am 03.09.2013<\/h3>\n<p>Vertagt auf pers\u00f6nliches Treffen von Dirk und Ted am 08.09. Keine Beschl\u00fcsse.<\/p>\n<ul>\n<\/ul>\n<h3><a href=\"https:\/\/secure-u.de\/wp-content\/uploads\/2010\/11\/Ergebnisprotokoll_Vorstandssitzung_20130813-sig.pdf\">Sitzung am 13.08.2013<\/a><\/h3>\n<ul>\n<li>V20130813_01:<span style=\"font-weight: normal;\"> Der Vorstand beschlie\u00dft folgende Aufgabenverteilung seiner Mitglieder:<\/span>\n<ul>\n<li>\n<p style=\"font-weight: normal;\">Vorsitzender: Dirk Astrath<\/p>\n<\/li>\n<li>\n<p style=\"font-weight: normal;\">Stellvertretender Vorsitz: Markus \tMaussner<\/p>\n<\/li>\n<li>\n<p style=\"font-weight: normal;\">Schatzmeister: Sebastian K\u00fcppers<\/p>\n<\/li>\n<li>\n<p style=\"font-weight: normal;\">Schriftf\u00fchrer: Bernhard Fr\u00f6hlich<\/p>\n<\/li>\n<\/ul>\n<\/li>\n<\/ul>\n<h3>Sitzung am 02.07.2013<\/h3>\n<p>Keine Beschl\u00fcsse<\/p>\n<ul>\n<\/ul>\n<h3><a href=\"https:\/\/secure-u.de\/wp-content\/uploads\/2010\/11\/Ergebnisprotokoll_Vorstandssitzung_20130425-sig.pdf\">Sitzung am 25.04.2013<\/a><\/h3>\n<ul>\n<li>V20130425_01: Der Vorstand begr\u00fc\u00dft es, wenn Dirk A. auf der FrOSCon 2013 auch im Namen von secure-u auftritt.<\/li>\n<\/ul>\n<ul>\n<\/ul>\n<h3>Sitzung am 04.04.2013<\/h3>\n<p>Keine Beschl\u00fcsse<\/p>\n<ul>\n<\/ul>\n<h3>Sitzung am 07.03.2013<\/h3>\n<p>ausgefallen<\/p>\n<h3><a href=\"https:\/\/secure-u.de\/wp-content\/uploads\/2010\/11\/Ergebnisprotokoll_Vorstandssitzung_20130207-sig.pdf\">Sitzung am 07.02.2013<\/a><\/h3>\n<ul>\n<li>V20130207_01: Es wird beschlossen, das secure-u den Gewinn der TK OpenSource-F\u00f6rderung entgegennimmt und diesen ausschliesslich zur F\u00f6rderung des Projektes CAcert einsetzt. Das Eigentum am Gewinngegenstand verbleibt bei secure-u e.V.<\/li>\n<\/ul>\n<ul>\n<\/ul>\n<h3>Sitzung am 03.01.2013<\/h3>\n<p>Keine Beschl\u00fcsse<\/p>\n<ul>\n<\/ul>\n<h2>2012<\/h2>\n<h3>Sitzung am 02.08.2012<\/h3>\n<p>Keine Beschl\u00fcsse<\/p>\n<h3>Sitzung am 12.07.2012<\/h3>\n<p>Ausgefallen<\/p>\n<h3><a href=\"https:\/\/secure-u.de\/wp-content\/uploads\/2010\/11\/Ergebnisprotokoll_Vorstandssitzung_20120618-sig.pdf\">Sitzung am 18.06.2012<\/a><\/h3>\n<ul>\n<li>V20120618_01: Der secure-u e.V. kann anderen Vereinen und Organisation gestatten \u201esecure-u\u201c als Namensbestandteil zu verwenden sofern folgende Voraussetzungen gegeben sind:<br \/> \n<ul>\n<li>Es handelt sich um eine Non-Profit-Organisation<\/li>\n<li>Die Organisation erkl\u00e4rt in der Satzung oder durch einen Beschluss dass sie das Projekt CAcert dauerhaft unterst\u00fctzt<\/li>\n<li>Der komplette Name der Organisation unterscheidet sich erkennbar (z.B. durch Zus\u00e4tze wie &#8220;secure-u.us&#8221; oder &#8220;secure-u Polski&#8221;) von den anderen Organisationen die bereits den Namensbestandteil nutzen<\/li>\n<\/ul>\n<p>Die endg\u00fcltige Erlaubnis wird nach einer konkreten Anfrage durch einen Vorstandsbeschluss des secure-u e.V. erteilt (oder verweigert).<\/li>\n<\/ul>\n<h3><a href=\"https:\/\/secure-u.de\/wp-content\/uploads\/2010\/11\/Ergebnisprotokoll_Vorstandssitzung_20120510-sig.pdf\">Sitzung am 10.05.2012<\/a><\/h3>\n<ul>\n<li>V20120510_01: secure-u \u00fcbernimmt einen Reisekostenzuschuss f\u00fcr Standbetreuung LinuxTag 2012 der secure-u-Mitglieder Sebastian Schr\u00f6der und Sebastian K\u00fcppers.<\/li>\n<\/ul>\n<h3>Sitzung am 05.04.2012<\/h3>\n<p>Ausgefallen mangels Beteiligung<\/p>\n<h3><a href=\"https:\/\/secure-u.de\/wp-content\/uploads\/2010\/11\/Ergebnisprotokoll_Vorstandssitzung_20120301-sig.pdf\">Sitzung am 01.03.2012<\/a><\/h3>\n<ul>\n<li>V20120301_01: secure-u erkl\u00e4rt sich bereit bei Bedarf die Veranstwortung f\u00fcr die geplante Community-Webseite zu \u00fcbernehmen. Details sind noch in Zusammenarbeit mit dem Board von CAcert Inc. zu kl\u00e4ren.<\/li>\n<\/ul>\n<h3><a href=\"https:\/\/secure-u.de\/wp-content\/uploads\/2010\/11\/Ergebnisprotokoll_Vorstandssitzung_20120202.pdf\">Sitzung am 02.02.2012<\/a><\/h3>\n<ul>\n<li>\n<p style=\"margin-bottom: 0cm;\">V20120202_01: Die CAcert-Community m\u00f6chte gerne am Freitag den 9. M\u00e4rz 2012 mit einem Stand auf dem Stand von LibreOffice zum Preis 500 EUR auf der CeBIT auftreten. Die Finanzierung ist durch Spenden bereits gesichert, secure-u \u00fcbernimmt die Abwicklung.<\/p>\n<\/li>\n<\/ul>\n<h3>Sitzung am 12.01.2012<\/h3>\n<ul>\n<li>V20120112_01: Der secure-u e.V. \u00fcbernimmt die finanzielle Abwicklung der Produktion der bestickten CAcert Poloshirts. Auf Basis der bereits eingegangenen kurzfristigen Kredite kann der restliche Betrag gegebenenfalls von secure-U vorgestreckt werden. Der Gewinn der Aktion verbleibt beim Verein.<\/li>\n<\/ul>\n<h2>2011<\/h2>\n<h3>Sitzung am 08.12.2011<\/h3>\n<p>Keine Beschl\u00fcsse<\/p>\n<h3><a href=\"https:\/\/secure-u.de\/wp-content\/uploads\/2010\/11\/Ergebnisprotokoll_Vorstandssitzung_20111110-sig.pdf\">Sitzung am 10.11.2011<\/a><\/h3>\n<p>Keine Beschl\u00fcsse<\/p>\n<h3>Sitzung am 13.10.2011<\/h3>\n<p>Keine Beschl\u00fcsse<\/p>\n<h3>Sitzung am 15.09.2011<\/h3>\n<p>Keine Beschl\u00fcsse<\/p>\n<h3><a href=\"https:\/\/secure-u.de\/wp-content\/uploads\/2010\/11\/Ergebnisprotokoll_Vorstandssitzung_20110811-sig.pdf\">Sitzung am 11.08.2011<\/a><\/h3>\n<p>Keine Beschl\u00fcsse<\/p>\n<h3><a href=\"https:\/\/secure-u.de\/wp-content\/uploads\/2010\/11\/Ergebnisprotokoll_Vorstandssitzung_20110630-sig.pdf\">Sitzung am 30.06.2011<\/a><\/h3>\n<ul>\n<li>V20110630_01: Einzugserm\u00e4chtigungen f\u00fcr Mitgliedsbeitr\u00e4ge werden auch elektronisch<br \/>akzeptiert wenn die digitale Signatur den Anforderungen nach \u00a76 der Gesch\u00e4ftsordnung<br \/>gen\u00fcgt. Aktuell wird CAcert, Inc. explizit als Zertifikatsdiensteanbieter akzeptiert.<\/li>\n<\/ul>\n<h3><a href=\"https:\/\/secure-u.de\/wp-content\/uploads\/2010\/11\/Ergebnisprotokoll_Vorstandssitzung_20110623-sig.pdf\">Sitzung am 23.06.2011<\/a><\/h3>\n<p>Keine Beschl\u00fcsse<\/p>\n<h3><a href=\"https:\/\/secure-u.de\/wp-content\/uploads\/2010\/11\/Ergebnisprotokoll_Vorstandssitzung_20110602-sig.pdf\">Sitzung am 02.06.2011<\/a><\/h3>\n<p>Keine Beschl\u00fcsse<\/p>\n<h3><a href=\"https:\/\/secure-u.de\/wp-content\/uploads\/2010\/11\/Ergebnisprotokoll_Vorstandssitzung_20110505-sig.pdf\">Sitzung am 05.05.2011<\/a><\/h3>\n<p>Keine Beschl\u00fcsse<\/p>\n<h3><a href=\"https:\/\/secure-u.de\/wp-content\/uploads\/2010\/11\/Ergebnisprotokoll_Vorstandssitzung_20110407-sig.pdf\">Sitzung am 07.04.2011<\/a><\/h3>\n<ul>\n<li>V20110407_01: Dominiks Reisekosten zum 27c3 im Dezember werden bis zu einer maximalen H\u00f6he von 250 EUR \u00fcbernommen, sofern die notwendigen Belege von ihm beigebracht werden. Es wird explizit darauf hingewiesen dass in der Regel der Antrag auf Unterst\u00fctzung vor dem Anfall der Kosten gestellt werden sollte!<\/li>\n<\/ul>\n<h3><a href=\"https:\/\/secure-u.de\/wp-content\/uploads\/2010\/11\/Ergebnisprotokoll_Vorstandssitzung_20110303-sig.pdf\">Sitzung am 03.03.2011<\/a><\/h3>\n<ul>\n<li>V20110303_01: Die Entscheidung \u00fcber den Antrag von Dominik wird mangels Anwesenheit<br \/>des Finanzers nochmals vertagt.<\/li>\n<\/ul>\n<h3><a href=\"https:\/\/secure-u.de\/wp-content\/uploads\/2010\/11\/Ergebnisprotokoll_Vorstandssitzung_20110210-sig.pdf\">Sitzung am 10.02.2011<\/a><\/h3>\n<ul>\n<li>V20110210_01: Das CAcert Assurer Training Event in M\u00fcnchen wird von  secure-u mit bis zu <br \/>300 EUR unterst\u00fctzt. Frank Br\u00fcckner sammelt die Belege und leitet sie an  den Finanzer <br \/>weiter der dann die \u00dcberweisungen vornimmt. <\/li>\n<li>V20110210_02: F\u00fcr den Lastschrifteinzug werden bei der Bank 150 EUR als <br \/>Sicherheitsleistung hinterlegt. Details kl\u00e4rt der Finanzer mit der Bank. <\/li>\n<li>Die Entscheidung \u00fcber den Antrag von Dominik zur Unterst\u00fctzung der 27c3  im Dezember 2010 <br \/>wird auf n\u00e4chste Sitzung vertagt. Bis dahin sollen noch Informationen  \u00fcber das Event gesammelt <br \/>werden. <\/li>\n<\/ul>\n<h3><a href=\"https:\/\/secure-u.de\/wp-content\/uploads\/2010\/11\/Ergebnisprotokoll_Vorstandssitzung_20110106-sig.pdf\">Sitzung am 06.01.2011<\/a><\/h3>\n<ul>\n<li>V20110106_01: Das letzte Mitglied mit offenen Mitgliedsbeitr\u00e4gen hat nicht auf die Aufforderung zur Zahlung der ausstehenden Mitgliedsbeitr\u00e4ge geantwortet und wird deshalb aus dem Verein ausgeschlossen.<\/li>\n<\/ul>\n<h2>2010<\/h2>\n<h3><a href=\"https:\/\/secure-u.de\/wp-content\/uploads\/2010\/11\/Ergebnisprotokoll_Vorstandssitzung_20101202.pdf\">Sitzung am 02.12.2010<\/a><\/h3>\n<ul>\n<li>V20101202_01: Vorgehen bei letztem Mitglied mit offenen Mitgliedsbeitr\u00e4gen<\/li>\n<\/ul>\n<h3><a href=\"https:\/\/secure-u.de\/wp-content\/uploads\/2010\/11\/Ergebnisprotokoll_Vorstandssitzung_20101028.pdf\">Sitzung am 28.10.2010<\/a><\/h3>\n<ul>\n<li>V20101028_01: Unterst\u00fctzung CAcert ATE&#8217;s<\/li>\n<li>V20101028_02:Hinweis auf F\u00f6rderm\u00f6glichkeiten auf der Website<\/li>\n<\/ul>\n<h3><a href=\"https:\/\/secure-u.de\/wp-content\/uploads\/2010\/11\/Ergebnisprotokoll_Vorstandssitzung_20101014.pdf\">Sitzung am 14.10.2010<\/a><\/h3>\n<ul>\n<li>V20101014_01: \u00c4nderung Postadresse<\/li>\n<li>V20101014_02: Frank Br\u00fcckner als zus\u00e4tzlicher Kontobevollm\u00e4chtigter<\/li>\n<li>V20101014_03: Die Aufteilung der Vorstandsposten<\/li>\n<\/ul>\n<h3><a href=\"https:\/\/secure-u.de\/wp-content\/uploads\/2010\/11\/Ergebnisprotokoll_Vorstandssitzung_20100410-sig.pdf\">Sitzung am 10.04.2010<\/a><\/h3>\n<ul>\n<li>R\u00fccktritt von Christian Henkel als Vorsitzender<\/li>\n<\/ul>\n<h2>2009<\/h2>\n<h3>Sitzung am 22.12.2009<\/h3>\n<p>Keine Beschl\u00fcsse.<\/p>\n<h2>2008<\/h2>\n<h3><a href=\"https:\/\/secure-u.de\/wp-content\/uploads\/2010\/11\/20080208a%20-%20Vorstandsbeschluss.pdf\">Sitzung am 08.02.2008<\/a><\/h3>\n<ul>\n<li>v20080208-01: Satzungs\u00e4nderung aufgrund Aufforderung des Finanzamts<\/li>\n<li>v20080208-02: Vereinslogo<\/li>\n<li>v20080208-03: Aufnahme neuer Mitglieder<\/li>\n<li>v20080208-04: Zuwendungsbescheinigung<\/li>\n<li>Formulare zu Beitritt, Einzugserm\u00e4chtigung, Zuwendungsbest\u00e4tigung (inzwischen veraltet)<\/li>\n<\/ul>\n","protected":false},"excerpt":{"rendered":"<p>\u00dcbersicht \u00fcber Vorstandssitzungen und -beschl\u00fcsse. Bei Bedarf ist ein IRC-Protokoll beim Schriftf\u00fchrer erh\u00e4ltlich. Die Vorstandssitzungen finden, falls nichts anderes angegeben, im IRC auf ircs:\/\/irc.cacert.org:7000\/secure-u statt. Sie sind zwar laut Gesch\u00e4ftsordnung nicht \u00f6ffentlich, in der Regel sind G\u00e4ste trotzdem gern gesehen. Wenn zu Beginn nur wenige Teilnehmer im IRC sind wird die Sitzung ggf. per Telefon [&hellip;]<\/p>\n","protected":false},"author":1,"featured_media":0,"parent":0,"menu_order":0,"comment_status":"closed","ping_status":"closed","template":"","meta":{"footnotes":""},"class_list":["post-51","page","type-page","status-publish","hentry"],"_links":{"self":[{"href":"https:\/\/secure-u.de\/index.php?rest_route=\/wp\/v2\/pages\/51","targetHints":{"allow":["GET"]}}],"collection":[{"href":"https:\/\/secure-u.de\/index.php?rest_route=\/wp\/v2\/pages"}],"about":[{"href":"https:\/\/secure-u.de\/index.php?rest_route=\/wp\/v2\/types\/page"}],"author":[{"embeddable":true,"href":"https:\/\/secure-u.de\/index.php?rest_route=\/wp\/v2\/users\/1"}],"replies":[{"embeddable":true,"href":"https:\/\/secure-u.de\/index.php?rest_route=%2Fwp%2Fv2%2Fcomments&post=51"}],"version-history":[{"count":0,"href":"https:\/\/secure-u.de\/index.php?rest_route=\/wp\/v2\/pages\/51\/revisions"}],"wp:attachment":[{"href":"https:\/\/secure-u.de\/index.php?rest_route=%2Fwp%2Fv2%2Fmedia&parent=51"}],"curies":[{"name":"wp","href":"https:\/\/api.w.org\/{rel}","templated":true}]}}