{"id":54,"date":"2014-01-08T20:39:34","date_gmt":"2014-01-08T19:39:34","guid":{"rendered":"http:\/\/secure-u.de\/?page_id=54"},"modified":"2019-11-30T23:42:23","modified_gmt":"2019-11-30T22:42:23","slug":"spenden-2","status":"publish","type":"page","link":"https:\/\/secure-u.de\/?page_id=54","title":{"rendered":"Spenden"},"content":{"rendered":"<p><strong>Spenden <\/strong>sind die Haupt-Finanzierungsquelle von secure-u e.V.<\/p>\n<p>Ob f\u00fcr die allgemeine Vereinsarbeit oder zweckgebunden f\u00fcr ein von uns unterst\u00fctztes Projekt &#8211; Ihre Spende kommt dort an, wo sie gebraucht wird.<\/p>\n<p>Noch dazu k\u00f6nnen Sie Ihre Spende absetzen &#8211; f\u00fcr eine Zuwendungsbest\u00e4tigung wenden Sie sich bitte direkt an info@secure-u.de <small>(F\u00fcr Bitcoin-Spenden ist keine Zuwendungsbest\u00e4tigung m\u00f6glich)<\/small><\/p>\n<p><!--more--><\/p>\n<p><strong>Spenden <\/strong>sind die Haupt-Finanzierungsquelle von secure-u e.V.<\/p>\n<p>Ob f\u00fcr die allgemeine Vereinsarbeit oder zweckgebunden f\u00fcr ein von uns unterst\u00fctztes Projekt &#8211; Ihre Spende kommt dort an, wo sie gebraucht wird.<\/p>\n<p>Noch dazu k\u00f6nnen Sie Ihre Spende absetzen &#8211; f\u00fcr eine Zuwendungsbest\u00e4tigung wenden Sie sich bitte direkt an info@secure-u.de <small>(F\u00fcr Bitcoin-Spenden ist keine Zuwendungsbest\u00e4tigung m\u00f6glich)<\/small><\/p>\n<table width=\"100%\">\n<tbody>\n<tr>\n<th style=\"text-align: center;\">Spende per \u00dcberweisung<\/th>\n<th style=\"text-align: center;\">Spende per PayPal<\/th>\n<\/tr>\n<tr>\n<td>secure-u e.V.<br \/>\nBank: Hamburger Volksbank e.G.<br \/>\nIBAN: DE50 2019 0003 0008 5478 07<br \/>\nBIC: GENODEF1HH2<\/td>\n<td>\n<form style=\"text-align: center;\" action=\"https:\/\/www.paypal.com\/cgi-bin\/webscr\" method=\"post\"><input name=\"cmd\" type=\"hidden\" value=\"_s-xclick\"> <input name=\"hosted_button_id\" type=\"hidden\" value=\"UFXE6RNCYD7CL\"> <input alt=\"Jetzt einfach, schnell und sicher online bezahlen \u2013 mit PayPal.\" name=\"submit\" src=\"\/\/\/www.paypalobjects.com\/de_DE\/DE\/i\/btn\/btn_donateCC_LG.gif\" type=\"image\"> <img loading=\"lazy\" decoding=\"async\" src=\"\/\/\/www.paypalobjects.com\/de_DE\/i\/scr\/pixel.gif\" alt=\"\" width=\"1\" height=\"1\" border=\"0\"><\/form>\n<\/td>\n<\/tr>\n<\/tbody>\n<\/table>\n<p>Bitte geben Sie als Verwendungszweck Ihren Name und evtl. die Zweckbindung an.<\/p>\n<p>&nbsp;<\/p>\n<p>Wer f\u00fcr secure-u Flagge zeigen will kann sich beim Spreadshirt-Shop http:\/\/secure-u.spreadshirt.de\/ eindecken.<\/p>\n","protected":false},"excerpt":{"rendered":"<p>Spenden sind die Haupt-Finanzierungsquelle von secure-u e.V. Ob f\u00fcr die allgemeine Vereinsarbeit oder zweckgebunden f\u00fcr ein von uns unterst\u00fctztes Projekt &#8211; Ihre Spende kommt dort an, wo sie gebraucht wird. Noch dazu k\u00f6nnen Sie Ihre Spende absetzen &#8211; f\u00fcr eine Zuwendungsbest\u00e4tigung wenden Sie sich bitte direkt an info@secure-u.de (F\u00fcr Bitcoin-Spenden ist keine Zuwendungsbest\u00e4tigung m\u00f6glich)<\/p>\n","protected":false},"author":1,"featured_media":0,"parent":0,"menu_order":0,"comment_status":"closed","ping_status":"closed","template":"","meta":{"footnotes":""},"class_list":["post-54","page","type-page","status-publish","hentry"],"_links":{"self":[{"href":"https:\/\/secure-u.de\/index.php?rest_route=\/wp\/v2\/pages\/54","targetHints":{"allow":["GET"]}}],"collection":[{"href":"https:\/\/secure-u.de\/index.php?rest_route=\/wp\/v2\/pages"}],"about":[{"href":"https:\/\/secure-u.de\/index.php?rest_route=\/wp\/v2\/types\/page"}],"author":[{"embeddable":true,"href":"https:\/\/secure-u.de\/index.php?rest_route=\/wp\/v2\/users\/1"}],"replies":[{"embeddable":true,"href":"https:\/\/secure-u.de\/index.php?rest_route=%2Fwp%2Fv2%2Fcomments&post=54"}],"version-history":[{"count":2,"href":"https:\/\/secure-u.de\/index.php?rest_route=\/wp\/v2\/pages\/54\/revisions"}],"predecessor-version":[{"id":96,"href":"https:\/\/secure-u.de\/index.php?rest_route=\/wp\/v2\/pages\/54\/revisions\/96"}],"wp:attachment":[{"href":"https:\/\/secure-u.de\/index.php?rest_route=%2Fwp%2Fv2%2Fmedia&parent=54"}],"curies":[{"name":"wp","href":"https:\/\/api.w.org\/{rel}","templated":true}]}}